{"id":24,"date":"2022-12-04T11:38:11","date_gmt":"2022-12-04T11:38:11","guid":{"rendered":"https:\/\/blickpunkt-lokalsport.de\/?page_id=24"},"modified":"2025-10-17T22:58:41","modified_gmt":"2025-10-17T20:58:41","slug":"konzept","status":"publish","type":"page","link":"https:\/\/blickpunkt-lokalsport.de\/english\/konzept\/","title":{"rendered":"Konzept"},"content":{"rendered":"\t\t<div data-elementor-type=\"wp-page\" data-elementor-id=\"24\" class=\"elementor elementor-24\" data-elementor-settings=\"{&quot;element_pack_global_tooltip_width&quot;:{&quot;unit&quot;:&quot;px&quot;,&quot;size&quot;:&quot;&quot;,&quot;sizes&quot;:[]},&quot;element_pack_global_tooltip_width_tablet&quot;:{&quot;unit&quot;:&quot;px&quot;,&quot;size&quot;:&quot;&quot;,&quot;sizes&quot;:[]},&quot;element_pack_global_tooltip_width_mobile&quot;:{&quot;unit&quot;:&quot;px&quot;,&quot;size&quot;:&quot;&quot;,&quot;sizes&quot;:[]},&quot;element_pack_global_tooltip_padding&quot;:{&quot;unit&quot;:&quot;px&quot;,&quot;top&quot;:&quot;&quot;,&quot;right&quot;:&quot;&quot;,&quot;bottom&quot;:&quot;&quot;,&quot;left&quot;:&quot;&quot;,&quot;isLinked&quot;:true},&quot;element_pack_global_tooltip_padding_tablet&quot;:{&quot;unit&quot;:&quot;px&quot;,&quot;top&quot;:&quot;&quot;,&quot;right&quot;:&quot;&quot;,&quot;bottom&quot;:&quot;&quot;,&quot;left&quot;:&quot;&quot;,&quot;isLinked&quot;:true},&quot;element_pack_global_tooltip_padding_mobile&quot;:{&quot;unit&quot;:&quot;px&quot;,&quot;top&quot;:&quot;&quot;,&quot;right&quot;:&quot;&quot;,&quot;bottom&quot;:&quot;&quot;,&quot;left&quot;:&quot;&quot;,&quot;isLinked&quot;:true},&quot;element_pack_global_tooltip_border_radius&quot;:{&quot;unit&quot;:&quot;px&quot;,&quot;top&quot;:&quot;&quot;,&quot;right&quot;:&quot;&quot;,&quot;bottom&quot;:&quot;&quot;,&quot;left&quot;:&quot;&quot;,&quot;isLinked&quot;:true},&quot;element_pack_global_tooltip_border_radius_tablet&quot;:{&quot;unit&quot;:&quot;px&quot;,&quot;top&quot;:&quot;&quot;,&quot;right&quot;:&quot;&quot;,&quot;bottom&quot;:&quot;&quot;,&quot;left&quot;:&quot;&quot;,&quot;isLinked&quot;:true},&quot;element_pack_global_tooltip_border_radius_mobile&quot;:{&quot;unit&quot;:&quot;px&quot;,&quot;top&quot;:&quot;&quot;,&quot;right&quot;:&quot;&quot;,&quot;bottom&quot;:&quot;&quot;,&quot;left&quot;:&quot;&quot;,&quot;isLinked&quot;:true}}\" data-elementor-post-type=\"page\">\n\t\t\t\t<div class=\"elementor-element elementor-element-503b3ebc e-con-full e-flex e-con e-parent\" data-id=\"503b3ebc\" data-element_type=\"container\" data-e-type=\"container\" data-settings=\"{&quot;background_background&quot;:&quot;classic&quot;}\">\n\t\t\t\t<div class=\"elementor-element elementor-element-392ada9f elementor-widget elementor-widget-bdt-advanced-heading\" data-id=\"392ada9f\" data-element_type=\"widget\" data-e-type=\"widget\" data-widget_type=\"bdt-advanced-heading.default\">\n\t\t\t\t<div class=\"elementor-widget-container\">\n\t\t\t\t\t<div id=\"392ada9f\" class=\"bdt-ep-advanced-heading\" data-settings=\"{&quot;titleMultiColor&quot;:&quot;no&quot;}\"><div class=\"bdt-ep-advanced-heading-content bdt-visible@m\"><div class=\"bdt-transform-origin-top-left\">Konzept &amp; DSGVO<\/div><\/div><div class=\"bdt-ep-advanced-heading-sub-title\"><div class=\"bdt-ep-advanced-heading-sub-title-content\">Unser<\/div><\/div><h2 class=\"bdt-ep-advanced-heading-title\"><span class=\"bdt-ep-advanced-heading-main-title\"><span class=\"bdt-ep-advanced-heading-main-title-inner\">Konzept &amp; DSGVO<\/span><\/span><\/h2><\/div>\t\t\t\t<\/div>\n\t\t\t\t<\/div>\n\t\t\t\t<div class=\"elementor-element elementor-element-3b00e33a elementor-widget elementor-widget-spacer\" data-id=\"3b00e33a\" data-element_type=\"widget\" data-e-type=\"widget\" data-widget_type=\"spacer.default\">\n\t\t\t\t<div class=\"elementor-widget-container\">\n\t\t\t\t\t\t\t<div class=\"elementor-spacer\">\n\t\t\t<div class=\"elementor-spacer-inner\"><\/div>\n\t\t<\/div>\n\t\t\t\t\t\t<\/div>\n\t\t\t\t<\/div>\n\t\t\t\t<\/div>\n\t\t<div class=\"elementor-element elementor-element-9df0812 e-con-full e-flex e-con e-parent\" data-id=\"9df0812\" data-element_type=\"container\" data-e-type=\"container\">\n\t\t\t\t<div class=\"elementor-element elementor-element-279b460 elementor-widget elementor-widget-image\" data-id=\"279b460\" data-element_type=\"widget\" data-e-type=\"widget\" data-widget_type=\"image.default\">\n\t\t\t\t<div class=\"elementor-widget-container\">\n\t\t\t\t\t\t\t\t\t\t\t\t\t\t\t<img fetchpriority=\"high\" decoding=\"async\" width=\"768\" height=\"1024\" src=\"https:\/\/blickpunkt-lokalsport.de\/wp-content\/uploads\/2024\/09\/IMG_5119-768x1024.jpg\" class=\"attachment-large size-large wp-image-22134\" alt=\"\" srcset=\"https:\/\/blickpunkt-lokalsport.de\/wp-content\/uploads\/2024\/09\/IMG_5119-768x1024.jpg 768w, https:\/\/blickpunkt-lokalsport.de\/wp-content\/uploads\/2024\/09\/IMG_5119-225x300.jpg 225w, https:\/\/blickpunkt-lokalsport.de\/wp-content\/uploads\/2024\/09\/IMG_5119-1152x1536.jpg 1152w, https:\/\/blickpunkt-lokalsport.de\/wp-content\/uploads\/2024\/09\/IMG_5119-1536x2048.jpg 1536w, https:\/\/blickpunkt-lokalsport.de\/wp-content\/uploads\/2024\/09\/IMG_5119-scaled.jpg 1920w\" sizes=\"(max-width: 768px) 100vw, 768px\" \/>\t\t\t\t\t\t\t\t\t\t\t\t\t\t\t<\/div>\n\t\t\t\t<\/div>\n\t\t\t\t<\/div>\n\t\t<div class=\"elementor-element elementor-element-b40c910 e-grid e-con-full e-con e-parent\" data-id=\"b40c910\" data-element_type=\"container\" data-e-type=\"container\" data-settings=\"{&quot;background_background&quot;:&quot;classic&quot;}\">\n\t\t\t\t<div class=\"elementor-element elementor-element-fd01c8e elementor-widget elementor-widget-text-editor\" data-id=\"fd01c8e\" data-element_type=\"widget\" data-e-type=\"widget\" data-widget_type=\"text-editor.default\">\n\t\t\t\t<div class=\"elementor-widget-container\">\n\t\t\t\t\t\t\t\t\t<div class=\"relative\"><div class=\"prose text-pretty dark:prose-invert inline leading-normal break-words min-w-0 [word-break:break-word]\"><p class=\"my-0\"><strong>Wer wir sind<\/strong><br \/>Blickpunkt Lokalsport ist eine Marke, die 2021 von Benjamin Hanke gegr\u00fcndet wurde und sich auf die professionelle Fotografie von Amateur- und Jugendfu\u00dfball in Bielefeld und Umgebung spezialisiert hat. Unser Ziel ist es, den lokalen Fu\u00dfballsport und seine Akteure ins Rampenlicht zu r\u00fccken und ihnen hochwertige, emotionale Bilder zu bieten<span class=\"whitespace-nowrap\">.<\/span><\/p><p class=\"my-0\"><strong>\u00a0<\/strong><\/p><p class=\"my-0\"><strong>Was wir machen<\/strong><br \/>Wir begleiten regelm\u00e4\u00dfig Jugend- und Erwachsenenspiele, fotografieren diese professionell und ver\u00f6ffentlichen die Bilder auf unserer Website. \u00dcber soziale Medien stimmen wir uns mit Vereinen, Spielern und Eltern ab, welche Spiele fotografisch begleitet werden sollen. Dabei gehen wir flexibel auf W\u00fcnsche und Anregungen ein<span class=\"whitespace-nowrap\">.<\/span><\/p><p class=\"my-0\">\u00a0<\/p><p class=\"my-0\"><strong>Unsere Philosophie<\/strong><br \/>Wir m\u00f6chten, dass alle Vereine Zugang zu professionellen Fotos haben, unabh\u00e4ngig von ihrem Budget. Dabei legen wir Wert auf Sicherheit und Datenschutz: Unsere Fotodaten werden sicher in der Schweiz gespeichert<span class=\"whitespace-nowrap\">.<\/span> Wir verstehen uns als Partner des lokalen Sports und f\u00f6rdern die Gemeinschaft durch unsere Arbeit.<\/p><p class=\"my-0\"><strong>\u00a0<\/strong><\/p><p class=\"my-0\"><strong>Kooperationen und Partner<\/strong><br \/>Wir arbeiten mit lokalen Unternehmen zusammen und bieten diesen die M\u00f6glichkeit, sich als Sponsoren zu pr\u00e4sentieren, beispielsweise durch Logo-Platzierungen auf unseren Fotos<span class=\"whitespace-nowrap\">.<\/span><\/p><p class=\"my-0\"><strong>\u00a0<\/strong><\/p><p class=\"my-0\"><strong>Zusammengefasst:<\/strong><br \/>Blickpunkt Lokalsport steht f\u00fcr professionelle, zug\u00e4ngliche und leidenschaftliche Sportfotografie im Amateurfu\u00dfball \u2013 aus der Region, f\u00fcr die Region.<\/p><\/div><\/div>\t\t\t\t\t\t\t\t<\/div>\n\t\t\t\t<\/div>\n\t\t\t\t<div class=\"elementor-element elementor-element-a6dd8d4 elementor-widget elementor-widget-gallery\" data-id=\"a6dd8d4\" data-element_type=\"widget\" data-e-type=\"widget\" data-settings=\"{&quot;gap&quot;:{&quot;unit&quot;:&quot;px&quot;,&quot;size&quot;:5,&quot;sizes&quot;:[]},&quot;gallery_layout&quot;:&quot;masonry&quot;,&quot;columns&quot;:4,&quot;columns_tablet&quot;:2,&quot;columns_mobile&quot;:1,&quot;gap_tablet&quot;:{&quot;unit&quot;:&quot;px&quot;,&quot;size&quot;:10,&quot;sizes&quot;:[]},&quot;gap_mobile&quot;:{&quot;unit&quot;:&quot;px&quot;,&quot;size&quot;:10,&quot;sizes&quot;:[]},&quot;link_to&quot;:&quot;file&quot;,&quot;overlay_background&quot;:&quot;yes&quot;,&quot;content_hover_animation&quot;:&quot;fade-in&quot;}\" data-widget_type=\"gallery.default\">\n\t\t\t\t<div class=\"elementor-widget-container\">\n\t\t\t\t\t\t\t<div class=\"elementor-gallery__container\">\n\t\t\t\t\t\t\t<a class=\"e-gallery-item elementor-gallery-item elementor-animated-content\" href=\"https:\/\/blickpunkt-lokalsport.de\/wp-content\/uploads\/2025\/05\/20250501_164602_001-scaled.jpg\" data-elementor-open-lightbox=\"no\">\n\t\t\t\t\t<div class=\"e-gallery-image elementor-gallery-item__image\" data-thumbnail=\"https:\/\/blickpunkt-lokalsport.de\/wp-content\/uploads\/2025\/05\/20250501_164602_001-scaled.jpg\" data-width=\"1441\" data-height=\"2560\" aria-label=\"\" role=\"img\" ><\/div>\n\t\t\t\t\t\t\t\t\t\t\t<div class=\"elementor-gallery-item__overlay\"><\/div>\n\t\t\t\t\t\t\t\t\t\t\t\t\t\t<\/a>\n\t\t\t\t\t\t\t<a class=\"e-gallery-item elementor-gallery-item elementor-animated-content\" href=\"https:\/\/blickpunkt-lokalsport.de\/wp-content\/uploads\/2025\/05\/DSC07453-scaled.jpg\" data-elementor-open-lightbox=\"no\">\n\t\t\t\t\t<div class=\"e-gallery-image elementor-gallery-item__image\" data-thumbnail=\"https:\/\/blickpunkt-lokalsport.de\/wp-content\/uploads\/2025\/05\/DSC07453-scaled.jpg\" data-width=\"1707\" data-height=\"2560\" aria-label=\"\" role=\"img\" ><\/div>\n\t\t\t\t\t\t\t\t\t\t\t<div class=\"elementor-gallery-item__overlay\"><\/div>\n\t\t\t\t\t\t\t\t\t\t\t\t\t\t<\/a>\n\t\t\t\t\t\t\t<a class=\"e-gallery-item elementor-gallery-item elementor-animated-content\" href=\"https:\/\/blickpunkt-lokalsport.de\/wp-content\/uploads\/2025\/05\/20250302_152019-scaled.jpg\" data-elementor-open-lightbox=\"no\">\n\t\t\t\t\t<div class=\"e-gallery-image elementor-gallery-item__image\" data-thumbnail=\"https:\/\/blickpunkt-lokalsport.de\/wp-content\/uploads\/2025\/05\/20250302_152019-scaled.jpg\" data-width=\"1441\" data-height=\"2560\" aria-label=\"\" role=\"img\" ><\/div>\n\t\t\t\t\t\t\t\t\t\t\t<div class=\"elementor-gallery-item__overlay\"><\/div>\n\t\t\t\t\t\t\t\t\t\t\t\t\t\t<\/a>\n\t\t\t\t\t\t\t<a class=\"e-gallery-item elementor-gallery-item elementor-animated-content\" href=\"https:\/\/blickpunkt-lokalsport.de\/wp-content\/uploads\/2025\/05\/WhatsApp-Bild-2025-04-21-um-17.00.08_be471ffb.jpg\" data-elementor-open-lightbox=\"no\">\n\t\t\t\t\t<div class=\"e-gallery-image elementor-gallery-item__image\" data-thumbnail=\"https:\/\/blickpunkt-lokalsport.de\/wp-content\/uploads\/2025\/05\/WhatsApp-Bild-2025-04-21-um-17.00.08_be471ffb.jpg\" data-width=\"1024\" data-height=\"1024\" aria-label=\"\" role=\"img\" ><\/div>\n\t\t\t\t\t\t\t\t\t\t\t<div class=\"elementor-gallery-item__overlay\"><\/div>\n\t\t\t\t\t\t\t\t\t\t\t\t\t\t<\/a>\n\t\t\t\t\t<\/div>\n\t\t\t\t\t<\/div>\n\t\t\t\t<\/div>\n\t\t\t\t<\/div>\n\t\t<div class=\"elementor-element elementor-element-eeb4773 e-flex e-con-boxed e-con e-parent\" data-id=\"eeb4773\" data-element_type=\"container\" data-e-type=\"container\">\n\t\t\t\t\t<div class=\"e-con-inner\">\n\t\t\t\t<div class=\"elementor-element elementor-element-ffa6ed1 elementor-widget elementor-widget-spacer\" data-id=\"ffa6ed1\" data-element_type=\"widget\" data-e-type=\"widget\" data-widget_type=\"spacer.default\">\n\t\t\t\t<div class=\"elementor-widget-container\">\n\t\t\t\t\t\t\t<div class=\"elementor-spacer\">\n\t\t\t<div class=\"elementor-spacer-inner\"><\/div>\n\t\t<\/div>\n\t\t\t\t\t\t<\/div>\n\t\t\t\t<\/div>\n\t\t\t\t\t<\/div>\n\t\t\t\t<\/div>\n\t\t<div class=\"elementor-element elementor-element-496fb35 e-flex e-con-boxed e-con e-parent\" data-id=\"496fb35\" data-element_type=\"container\" data-e-type=\"container\">\n\t\t\t\t\t<div class=\"e-con-inner\">\n\t\t\t\t<div class=\"elementor-element elementor-element-ef3b874 elementor-widget elementor-widget-heading\" data-id=\"ef3b874\" data-element_type=\"widget\" data-e-type=\"widget\" data-widget_type=\"heading.default\">\n\t\t\t\t<div class=\"elementor-widget-container\">\n\t\t\t\t\t<span class=\"elementor-heading-title elementor-size-default\">DSGVO<\/span>\t\t\t\t<\/div>\n\t\t\t\t<\/div>\n\t\t\t\t\t<\/div>\n\t\t\t\t<\/div>\n\t\t<div class=\"elementor-element elementor-element-dd8fa83 e-con-full e-flex e-con e-parent\" data-id=\"dd8fa83\" data-element_type=\"container\" data-e-type=\"container\" data-settings=\"{&quot;background_background&quot;:&quot;classic&quot;}\">\n\t\t\t\t<div class=\"elementor-element elementor-element-ccd65c5 elementor-widget elementor-widget-text-editor\" data-id=\"ccd65c5\" data-element_type=\"widget\" data-e-type=\"widget\" data-widget_type=\"text-editor.default\">\n\t\t\t\t<div class=\"elementor-widget-container\">\n\t\t\t\t\t\t\t\t\t<p><span style=\"color: #ffffff;\"><strong>Dein Recht auf L\u00f6schung bei Blickpunkt Lokalsport<\/strong><\/span><\/p><p><span style=\"color: #ffffff;\"><strong>\u00a0<\/strong><\/span><\/p><p><span style=\"color: #ffffff;\">Wir bei Blickpunkt Lokalsport gehen davon aus, dass du unsere Bilder vom Amateurfu\u00dfball in Bielefeld und Umgebung gerne siehst. Dennoch respektieren wir selbstverst\u00e4ndlich dein Recht auf L\u00f6schung gem\u00e4\u00df der Datenschutz-Grundverordnung (DSGVO).<\/span><\/p><p><span style=\"color: #ffffff;\"><strong>\u00a0<\/strong><\/span><\/p><p><span style=\"color: #ffffff;\"><strong>Dein Recht auf L\u00f6schung<\/strong><\/span><\/p><p><span style=\"color: #ffffff;\"><strong>\u00a0<\/strong><\/span><\/p><p><span style=\"color: #ffffff;\">Du hast das Recht, die L\u00f6schung deiner personenbezogenen Daten zu verlangen. Dieses Recht, auch als &#8222;Recht auf Vergessenwerden&#8220; bekannt, ist in der DSGVO verankert. Du kannst es in Anspruch nehmen, wenn:<\/span><\/p><p><span style=\"color: #ffffff;\">&#8211; Deine Daten f\u00fcr den urspr\u00fcnglichen Zweck nicht mehr notwendig sind<\/span><\/p><p><span style=\"color: #ffffff;\">&#8211; Du deine Einwilligung widerrufst<\/span><\/p><p><span style=\"color: #ffffff;\">&#8211; Du Widerspruch gegen die Verarbeitung einlegst<\/span><\/p><p><span style=\"color: #ffffff;\">&#8211; Deine Daten unrechtm\u00e4\u00dfig verarbeitet wurden<\/span><\/p><p><span style=\"color: #ffffff;\"><strong>\u00a0<\/strong><\/span><\/p><p><span style=\"color: #ffffff;\"><strong>So gehst du vor<\/strong><\/span><\/p><p><span style=\"color: #ffffff;\"><strong>\u00a0<\/strong><\/span><\/p><p><span style=\"color: #ffffff;\">M\u00f6chtest du die L\u00f6schung deiner Fotos beantragen, nimm bitte Kontakt mit uns auf. Wir werden deinem Anliegen umgehend nachkommen, sofern keine rechtlichen Gr\u00fcnde dagegensprechen.<\/span><\/p><p><span style=\"color: #ffffff;\">Du erreichst uns hier:<\/span><\/p><p><span style=\"color: #ffffff;\">&#8211; E-Mail: kontakt@blickpunkt-lokalsport.de<\/span><\/p><p><span style=\"color: #ffffff;\">&#8211; Telefon: 01772966357<\/span><\/p><p><span style=\"color: #ffffff;\">&#8211; Adresse: Karl-Peters-Str. 13a, 33605 Bielefeld<\/span><\/p><p><span style=\"color: #ffffff;\"><strong>\u00a0<\/strong><\/span><\/p><p><span style=\"color: #ffffff;\"><strong>Unsere Hoffnung<\/strong><\/span><\/p><p><span style=\"color: #ffffff;\"><strong>\u00a0<\/strong><\/span><\/p><p><span style=\"color: #ffffff;\">Nat\u00fcrlich hoffen wir, dass du mit der Ver\u00f6ffentlichung deiner Fotos einverstanden bist und von deinem Recht auf L\u00f6schung keinen Gebrauch machen musst. Unsere Fotos dienen dazu, den Amateurfu\u00dfball in der Region zu f\u00f6rdern und dir und allen Beteiligten eine sch\u00f6ne Erinnerung zu bieten.<\/span><\/p><p><span style=\"color: #ffffff;\"><strong>\u00a0<\/strong><\/span><\/p><p><span style=\"color: #ffffff;\">Wir legen gro\u00dfen Wert auf einen verantwortungsvollen Umgang mit deinen Daten und Bildern. Unseren gesamten Fotocontent speichern wir in der Schweiz bei Infomaniak, um h\u00f6chste Sicherheitsstandards und Datenschutzrichtlinien zu gew\u00e4hrleisten.<\/span><\/p><p><span style=\"color: #ffffff;\">Hast du Fragen oder Bedenken? Z\u00f6gere nicht, uns zu kontaktieren. Wir sind stets bem\u00fcht, eine f\u00fcr alle Seiten zufriedenstellende L\u00f6sung zu finden.<\/span><\/p><p><span style=\"color: #ffffff;\"><strong>\u00a0<\/strong><\/span><\/p>\t\t\t\t\t\t\t\t<\/div>\n\t\t\t\t<\/div>\n\t\t\t\t<\/div>\n\t\t\t\t<\/div>\n\t\t","protected":false},"excerpt":{"rendered":"<p>Unser Konzept &amp; DSGVO Konzept &amp; DSGVO Wer wir sindBlickpunkt Lokalsport ist eine Marke, die 2021 von Benjamin Hanke gegr\u00fcndet wurde und sich auf die professionelle Fotografie von Amateur- und Jugendfu\u00dfball in Bielefeld und Umgebung spezialisiert hat. Unser Ziel ist es, den lokalen Fu\u00dfballsport und seine Akteure ins Rampenlicht zu r\u00fccken und ihnen hochwertige, emotionale &#8230; <a title=\"Konzept\" class=\"read-more\" href=\"https:\/\/blickpunkt-lokalsport.de\/english\/konzept\/\" aria-label=\"Read more about Konzept\">Read more<\/a><\/p>","protected":false},"author":1,"featured_media":0,"parent":0,"menu_order":0,"comment_status":"closed","ping_status":"closed","template":"","meta":{"_acf_changed":false,"footnotes":""},"class_list":["post-24","page","type-page","status-publish"],"acf":[],"_links":{"self":[{"href":"https:\/\/blickpunkt-lokalsport.de\/english\/wp-json\/wp\/v2\/pages\/24","targetHints":{"allow":["GET"]}}],"collection":[{"href":"https:\/\/blickpunkt-lokalsport.de\/english\/wp-json\/wp\/v2\/pages"}],"about":[{"href":"https:\/\/blickpunkt-lokalsport.de\/english\/wp-json\/wp\/v2\/types\/page"}],"author":[{"embeddable":true,"href":"https:\/\/blickpunkt-lokalsport.de\/english\/wp-json\/wp\/v2\/users\/1"}],"replies":[{"embeddable":true,"href":"https:\/\/blickpunkt-lokalsport.de\/english\/wp-json\/wp\/v2\/comments?post=24"}],"version-history":[{"count":0,"href":"https:\/\/blickpunkt-lokalsport.de\/english\/wp-json\/wp\/v2\/pages\/24\/revisions"}],"wp:attachment":[{"href":"https:\/\/blickpunkt-lokalsport.de\/english\/wp-json\/wp\/v2\/media?parent=24"}],"curies":[{"name":"wp","href":"https:\/\/api.w.org\/{rel}","templated":true}]}}