{"id":28191,"date":"2024-12-09T09:55:36","date_gmt":"2024-12-09T08:55:36","guid":{"rendered":"https:\/\/blickpunkt-lokalsport.de\/?page_id=28191"},"modified":"2025-12-24T16:21:09","modified_gmt":"2025-12-24T15:21:09","slug":"26-bielefelder-hallen-fussball-stadtmeisterschaft","status":"publish","type":"page","link":"https:\/\/blickpunkt-lokalsport.de\/english\/26-bielefelder-hallen-fussball-stadtmeisterschaft\/","title":{"rendered":"27. Bielefelder Hallen-Fu\u00dfball Stadtmeisterschaft"},"content":{"rendered":"<div data-elementor-type=\"wp-page\" data-elementor-id=\"28191\" class=\"elementor elementor-28191\" data-elementor-settings=\"{&quot;element_pack_global_tooltip_width&quot;:{&quot;unit&quot;:&quot;px&quot;,&quot;size&quot;:&quot;&quot;,&quot;sizes&quot;:[]},&quot;element_pack_global_tooltip_width_tablet&quot;:{&quot;unit&quot;:&quot;px&quot;,&quot;size&quot;:&quot;&quot;,&quot;sizes&quot;:[]},&quot;element_pack_global_tooltip_width_mobile&quot;:{&quot;unit&quot;:&quot;px&quot;,&quot;size&quot;:&quot;&quot;,&quot;sizes&quot;:[]},&quot;element_pack_global_tooltip_padding&quot;:{&quot;unit&quot;:&quot;px&quot;,&quot;top&quot;:&quot;&quot;,&quot;right&quot;:&quot;&quot;,&quot;bottom&quot;:&quot;&quot;,&quot;left&quot;:&quot;&quot;,&quot;isLinked&quot;:true},&quot;element_pack_global_tooltip_padding_tablet&quot;:{&quot;unit&quot;:&quot;px&quot;,&quot;top&quot;:&quot;&quot;,&quot;right&quot;:&quot;&quot;,&quot;bottom&quot;:&quot;&quot;,&quot;left&quot;:&quot;&quot;,&quot;isLinked&quot;:true},&quot;element_pack_global_tooltip_padding_mobile&quot;:{&quot;unit&quot;:&quot;px&quot;,&quot;top&quot;:&quot;&quot;,&quot;right&quot;:&quot;&quot;,&quot;bottom&quot;:&quot;&quot;,&quot;left&quot;:&quot;&quot;,&quot;isLinked&quot;:true},&quot;element_pack_global_tooltip_border_radius&quot;:{&quot;unit&quot;:&quot;px&quot;,&quot;top&quot;:&quot;&quot;,&quot;right&quot;:&quot;&quot;,&quot;bottom&quot;:&quot;&quot;,&quot;left&quot;:&quot;&quot;,&quot;isLinked&quot;:true},&quot;element_pack_global_tooltip_border_radius_tablet&quot;:{&quot;unit&quot;:&quot;px&quot;,&quot;top&quot;:&quot;&quot;,&quot;right&quot;:&quot;&quot;,&quot;bottom&quot;:&quot;&quot;,&quot;left&quot;:&quot;&quot;,&quot;isLinked&quot;:true},&quot;element_pack_global_tooltip_border_radius_mobile&quot;:{&quot;unit&quot;:&quot;px&quot;,&quot;top&quot;:&quot;&quot;,&quot;right&quot;:&quot;&quot;,&quot;bottom&quot;:&quot;&quot;,&quot;left&quot;:&quot;&quot;,&quot;isLinked&quot;:true}}\" data-elementor-post-type=\"page\">\n\t\t\t\t<div class=\"elementor-element elementor-element-5bb82cd8 e-con-full e-flex e-con e-parent\" data-id=\"5bb82cd8\" data-element_type=\"container\" data-e-type=\"container\" data-settings=\"{&quot;background_background&quot;:&quot;classic&quot;}\">\n\t\t\t\t<div class=\"elementor-element elementor-element-1a4d1da1 elementor-widget elementor-widget-bdt-advanced-heading\" data-id=\"1a4d1da1\" data-element_type=\"widget\" data-e-type=\"widget\" data-widget_type=\"bdt-advanced-heading.default\">\n\t\t\t\t<div class=\"elementor-widget-container\">\n\t\t\t\t\t<div id=\"1a4d1da1\" class=\"bdt-ep-advanced-heading\" data-settings=\"{&quot;titleMultiColor&quot;:&quot;no&quot;}\"><div class=\"bdt-ep-advanced-heading-content bdt-visible@m\"><div class=\"bdt-transform-origin-top-left\">Hallenfu\u00dfball<\/div><\/div><div class=\"bdt-ep-advanced-heading-sub-title\"><div class=\"bdt-ep-advanced-heading-sub-title-content\">Hallenfu\u00dfball<\/div><\/div><h2 class=\"bdt-ep-advanced-heading-title\"><span class=\"bdt-ep-advanced-heading-main-title\"><span class=\"bdt-ep-advanced-heading-main-title-inner\">27. Hallen-Fu\u00dfball Stadtmeisterschaft<\/span><\/span><\/h2><\/div>\t\t\t\t<\/div>\n\t\t\t\t<\/div>\n\t\t\t\t<div class=\"elementor-element elementor-element-68f9ac5c elementor-widget elementor-widget-spacer\" data-id=\"68f9ac5c\" data-element_type=\"widget\" data-e-type=\"widget\" data-widget_type=\"spacer.default\">\n\t\t\t\t<div class=\"elementor-widget-container\">\n\t\t\t\t\t\t\t<div class=\"elementor-spacer\">\n\t\t\t<div class=\"elementor-spacer-inner\"><\/div>\n\t\t<\/div>\n\t\t\t\t\t\t<\/div>\n\t\t\t\t<\/div>\n\t\t\t\t<\/div>\n\t\t<div class=\"elementor-element elementor-element-ddb6acd e-con-full e-flex e-con e-parent\" data-id=\"ddb6acd\" data-element_type=\"container\" data-e-type=\"container\" data-settings=\"{&quot;background_background&quot;:&quot;classic&quot;}\">\n\t\t<div class=\"elementor-element elementor-element-650a656 e-con-full e-flex e-con e-child\" data-id=\"650a656\" data-element_type=\"container\" data-e-type=\"container\">\n\t\t\t\t<div class=\"elementor-element elementor-element-bca4d40 elementor-widget elementor-widget-text-editor\" data-id=\"bca4d40\" data-element_type=\"widget\" data-e-type=\"widget\" data-widget_type=\"text-editor.default\">\n\t\t\t\t<div class=\"elementor-widget-container\">\n\t\t\t\t\t\t\t\t\t<p>27. Bielefelder Hallen-Fu\u00dfball Stadtmeisterschaften<\/p>\t\t\t\t\t\t\t\t<\/div>\n\t\t\t\t<\/div>\n\t\t\t\t<div class=\"elementor-element elementor-element-e8f2806 elementor-widget elementor-widget-heading\" data-id=\"e8f2806\" data-element_type=\"widget\" data-e-type=\"widget\" data-widget_type=\"heading.default\">\n\t\t\t\t<div class=\"elementor-widget-container\">\n\t\t\t\t\t<h3 class=\"elementor-heading-title elementor-size-default\">Budenzauber 2025<\/h3>\t\t\t\t<\/div>\n\t\t\t\t<\/div>\n\t\t\t\t<div class=\"elementor-element elementor-element-19a26c9 elementor-widget elementor-widget-text-editor\" data-id=\"19a26c9\" data-element_type=\"widget\" data-e-type=\"widget\" data-widget_type=\"text-editor.default\">\n\t\t\t\t<div class=\"elementor-widget-container\">\n\t\t\t\t\t\t\t\t\t<p>Es ist wieder so weit: Der Budenzauber in der Halle wird vom 27.12.2025 bis zum 30.12.2025 wieder ausgetragen.\u00a0<\/p><p>Die Zeit &#8222;zwischen den Jahren&#8220; geh\u00f6rte schon seit \u00fcber 26 Jahren zu den H\u00f6hepunkten des Bielefelder Amateursports.<\/p><p>Auf dieser Seite werden wir unsere Bilder aus den Hallen Rosenh\u00f6he II, aus Brackwede und der Seidenstickerhalle pr\u00e4sentieren.<\/p><p><a href=\"https:\/\/www.fussball.de\/spieltagsuebersicht\/27-bielefelder-hallen-fussball-stadtmeisterschaft-2025-kreis-bielefeld-kreisturnier-herren-saison2526-westfalen\/-\/staffel\/02UAT7842S000000VS5489BUVT0P4V1F-C#!\/\">Zum offiziellen Turnierplan kommt ihr hier<\/a><\/p>\t\t\t\t\t\t\t\t<\/div>\n\t\t\t\t<\/div>\n\t\t\t\t<\/div>\n\t\t<div class=\"elementor-element elementor-element-754f830 e-con-full e-flex e-con e-child\" data-id=\"754f830\" data-element_type=\"container\" data-e-type=\"container\">\n\t\t\t\t<div class=\"elementor-element elementor-element-72ef923 elementor-widget elementor-widget-image\" data-id=\"72ef923\" data-element_type=\"widget\" data-e-type=\"widget\" data-widget_type=\"image.default\">\n\t\t\t\t<div class=\"elementor-widget-container\">\n\t\t\t\t\t\t\t\t\t\t\t\t\t\t\t<img fetchpriority=\"high\" decoding=\"async\" width=\"2048\" height=\"1365\" src=\"https:\/\/blickpunkt-lokalsport.de\/wp-content\/uploads\/2024\/12\/AW7I6702-SharpenAI-Focus.jpg\" class=\"attachment-full size-full wp-image-30392\" alt=\"\" srcset=\"https:\/\/blickpunkt-lokalsport.de\/wp-content\/uploads\/2024\/12\/AW7I6702-SharpenAI-Focus.jpg 2048w, https:\/\/blickpunkt-lokalsport.de\/wp-content\/uploads\/2024\/12\/AW7I6702-SharpenAI-Focus-300x200.jpg 300w, https:\/\/blickpunkt-lokalsport.de\/wp-content\/uploads\/2024\/12\/AW7I6702-SharpenAI-Focus-1024x683.jpg 1024w, https:\/\/blickpunkt-lokalsport.de\/wp-content\/uploads\/2024\/12\/AW7I6702-SharpenAI-Focus-768x512.jpg 768w, https:\/\/blickpunkt-lokalsport.de\/wp-content\/uploads\/2024\/12\/AW7I6702-SharpenAI-Focus-1536x1024.jpg 1536w\" sizes=\"(max-width: 2048px) 100vw, 2048px\" \/>\t\t\t\t\t\t\t\t\t\t\t\t\t\t\t<\/div>\n\t\t\t\t<\/div>\n\t\t\t\t<\/div>\n\t\t\t\t<\/div>\n\t\t<div class=\"elementor-element elementor-element-f0af4b4 e-con-full e-flex e-con e-parent\" data-id=\"f0af4b4\" data-element_type=\"container\" data-e-type=\"container\" data-settings=\"{&quot;background_background&quot;:&quot;classic&quot;}\">\n\t\t\t\t<div class=\"elementor-element elementor-element-7eee3f9 elementor-widget elementor-widget-spacer\" data-id=\"7eee3f9\" data-element_type=\"widget\" data-e-type=\"widget\" data-widget_type=\"spacer.default\">\n\t\t\t\t<div class=\"elementor-widget-container\">\n\t\t\t\t\t\t\t<div class=\"elementor-spacer\">\n\t\t\t<div class=\"elementor-spacer-inner\"><\/div>\n\t\t<\/div>\n\t\t\t\t\t\t<\/div>\n\t\t\t\t<\/div>\n\t\t\t\t<\/div>\n\t\t<div class=\"elementor-element elementor-element-8ff4262 e-flex e-con-boxed e-con e-parent\" data-id=\"8ff4262\" data-element_type=\"container\" data-e-type=\"container\">\n\t\t\t\t\t<div class=\"e-con-inner\">\n\t\t\t\t<div class=\"elementor-element elementor-element-c91f399 elementor-widget elementor-widget-custif_iframe_widget\" data-id=\"c91f399\" data-element_type=\"widget\" data-e-type=\"widget\" data-widget_type=\"custif_iframe_widget.default\">\n\t\t\t\t<div class=\"elementor-widget-container\">\n\t\t\t\t\t<div class=\"custif-iframe-wrapper\" id=\"custif-iframe-c91f399\"><iframe style=\"width: 100%; display: block;\" scrolling=\"yes\" data-auto-height=\"no\" data-refresh-interval=\"0\" src=\"https:\/\/www.picdrop.com\/blickpunktlokalsport\/ihyby1Thh3\"><\/iframe><\/div>\t\t\t\t<\/div>\n\t\t\t\t<\/div>\n\t\t\t\t\t<\/div>\n\t\t\t\t<\/div>\n\t\t\t\t<\/div>","protected":false},"excerpt":{"rendered":"<p>Hallenfu\u00dfball Hallenfu\u00dfball 27. Hallen-Fu\u00dfball Stadtmeisterschaft 27. Bielefelder Hallen-Fu\u00dfball Stadtmeisterschaften Budenzauber 2025 Es ist wieder so weit: Der Budenzauber in der Halle wird vom 27.12.2025 bis zum 30.12.2025 wieder ausgetragen.\u00a0 Die Zeit &#8222;zwischen den Jahren&#8220; geh\u00f6rte schon seit \u00fcber 26 Jahren zu den H\u00f6hepunkten des Bielefelder Amateursports. Auf dieser Seite werden wir unsere Bilder aus den &#8230; <a title=\"27. Bielefelder Hallen-Fu\u00dfball Stadtmeisterschaft\" class=\"read-more\" href=\"https:\/\/blickpunkt-lokalsport.de\/english\/26-bielefelder-hallen-fussball-stadtmeisterschaft\/\" aria-label=\"Read more about 27. Bielefelder Hallen-Fu\u00dfball Stadtmeisterschaft\">Read more<\/a><\/p>","protected":false},"author":1,"featured_media":0,"parent":0,"menu_order":0,"comment_status":"closed","ping_status":"closed","template":"","meta":{"_acf_changed":false,"footnotes":""},"class_list":["post-28191","page","type-page","status-publish"],"acf":[],"_links":{"self":[{"href":"https:\/\/blickpunkt-lokalsport.de\/english\/wp-json\/wp\/v2\/pages\/28191","targetHints":{"allow":["GET"]}}],"collection":[{"href":"https:\/\/blickpunkt-lokalsport.de\/english\/wp-json\/wp\/v2\/pages"}],"about":[{"href":"https:\/\/blickpunkt-lokalsport.de\/english\/wp-json\/wp\/v2\/types\/page"}],"author":[{"embeddable":true,"href":"https:\/\/blickpunkt-lokalsport.de\/english\/wp-json\/wp\/v2\/users\/1"}],"replies":[{"embeddable":true,"href":"https:\/\/blickpunkt-lokalsport.de\/english\/wp-json\/wp\/v2\/comments?post=28191"}],"version-history":[{"count":7,"href":"https:\/\/blickpunkt-lokalsport.de\/english\/wp-json\/wp\/v2\/pages\/28191\/revisions"}],"predecessor-version":[{"id":48451,"href":"https:\/\/blickpunkt-lokalsport.de\/english\/wp-json\/wp\/v2\/pages\/28191\/revisions\/48451"}],"wp:attachment":[{"href":"https:\/\/blickpunkt-lokalsport.de\/english\/wp-json\/wp\/v2\/media?parent=28191"}],"curies":[{"name":"wp","href":"https:\/\/api.w.org\/{rel}","templated":true}]}}