{"id":46871,"date":"2025-10-15T19:53:19","date_gmt":"2025-10-15T17:53:19","guid":{"rendered":"https:\/\/blickpunkt-lokalsport.de\/?page_id=46871"},"modified":"2025-10-16T20:02:10","modified_gmt":"2025-10-16T18:02:10","slug":"wir-beim-flvw","status":"publish","type":"page","link":"https:\/\/blickpunkt-lokalsport.de\/english\/wir-beim-flvw\/","title":{"rendered":"FLVW"},"content":{"rendered":"\t\t<div data-elementor-type=\"wp-page\" data-elementor-id=\"46871\" class=\"elementor elementor-46871\" data-elementor-settings=\"{&quot;element_pack_global_tooltip_width&quot;:{&quot;unit&quot;:&quot;px&quot;,&quot;size&quot;:&quot;&quot;,&quot;sizes&quot;:[]},&quot;element_pack_global_tooltip_width_tablet&quot;:{&quot;unit&quot;:&quot;px&quot;,&quot;size&quot;:&quot;&quot;,&quot;sizes&quot;:[]},&quot;element_pack_global_tooltip_width_mobile&quot;:{&quot;unit&quot;:&quot;px&quot;,&quot;size&quot;:&quot;&quot;,&quot;sizes&quot;:[]},&quot;element_pack_global_tooltip_padding&quot;:{&quot;unit&quot;:&quot;px&quot;,&quot;top&quot;:&quot;&quot;,&quot;right&quot;:&quot;&quot;,&quot;bottom&quot;:&quot;&quot;,&quot;left&quot;:&quot;&quot;,&quot;isLinked&quot;:true},&quot;element_pack_global_tooltip_padding_tablet&quot;:{&quot;unit&quot;:&quot;px&quot;,&quot;top&quot;:&quot;&quot;,&quot;right&quot;:&quot;&quot;,&quot;bottom&quot;:&quot;&quot;,&quot;left&quot;:&quot;&quot;,&quot;isLinked&quot;:true},&quot;element_pack_global_tooltip_padding_mobile&quot;:{&quot;unit&quot;:&quot;px&quot;,&quot;top&quot;:&quot;&quot;,&quot;right&quot;:&quot;&quot;,&quot;bottom&quot;:&quot;&quot;,&quot;left&quot;:&quot;&quot;,&quot;isLinked&quot;:true},&quot;element_pack_global_tooltip_border_radius&quot;:{&quot;unit&quot;:&quot;px&quot;,&quot;top&quot;:&quot;&quot;,&quot;right&quot;:&quot;&quot;,&quot;bottom&quot;:&quot;&quot;,&quot;left&quot;:&quot;&quot;,&quot;isLinked&quot;:true},&quot;element_pack_global_tooltip_border_radius_tablet&quot;:{&quot;unit&quot;:&quot;px&quot;,&quot;top&quot;:&quot;&quot;,&quot;right&quot;:&quot;&quot;,&quot;bottom&quot;:&quot;&quot;,&quot;left&quot;:&quot;&quot;,&quot;isLinked&quot;:true},&quot;element_pack_global_tooltip_border_radius_mobile&quot;:{&quot;unit&quot;:&quot;px&quot;,&quot;top&quot;:&quot;&quot;,&quot;right&quot;:&quot;&quot;,&quot;bottom&quot;:&quot;&quot;,&quot;left&quot;:&quot;&quot;,&quot;isLinked&quot;:true}}\" data-elementor-post-type=\"page\">\n\t\t\t\t<div class=\"elementor-element elementor-element-5616a03e e-con-full e-flex e-con e-parent\" data-id=\"5616a03e\" data-element_type=\"container\" data-e-type=\"container\" data-settings=\"{&quot;background_background&quot;:&quot;classic&quot;}\">\n\t\t\t\t<div class=\"elementor-element elementor-element-f2ab3c6 elementor-widget elementor-widget-bdt-advanced-heading\" data-id=\"f2ab3c6\" data-element_type=\"widget\" data-e-type=\"widget\" data-widget_type=\"bdt-advanced-heading.default\">\n\t\t\t\t<div class=\"elementor-widget-container\">\n\t\t\t\t\t<div id=\"f2ab3c6\" class=\"bdt-ep-advanced-heading\" data-settings=\"{&quot;titleMultiColor&quot;:&quot;no&quot;}\"><div class=\"bdt-ep-advanced-heading-content bdt-visible@m\"><div class=\"bdt-transform-origin-top-left\">Kooperation FLVW<\/div><\/div><div class=\"bdt-ep-advanced-heading-sub-title\"><div class=\"bdt-ep-advanced-heading-sub-title-content\">F\u00fcr den Kreis und weiter<\/div><\/div><h2 class=\"bdt-ep-advanced-heading-title\"><span class=\"bdt-ep-advanced-heading-main-title\"><span class=\"bdt-ep-advanced-heading-main-title-inner\">Kooperation FLVW<\/span><\/span><\/h2><\/div>\t\t\t\t<\/div>\n\t\t\t\t<\/div>\n\t\t\t\t<div class=\"elementor-element elementor-element-7931ddb8 elementor-widget elementor-widget-spacer\" data-id=\"7931ddb8\" data-element_type=\"widget\" data-e-type=\"widget\" data-widget_type=\"spacer.default\">\n\t\t\t\t<div class=\"elementor-widget-container\">\n\t\t\t\t\t\t\t<div class=\"elementor-spacer\">\n\t\t\t<div class=\"elementor-spacer-inner\"><\/div>\n\t\t<\/div>\n\t\t\t\t\t\t<\/div>\n\t\t\t\t<\/div>\n\t\t\t\t<\/div>\n\t\t<div class=\"elementor-element elementor-element-219de9e e-con-full e-grid e-con e-parent\" data-id=\"219de9e\" data-element_type=\"container\" data-e-type=\"container\" data-settings=\"{&quot;background_background&quot;:&quot;classic&quot;}\">\n\t\t\t\t<div class=\"elementor-element elementor-element-903da00 elementor-widget elementor-widget-image\" data-id=\"903da00\" data-element_type=\"widget\" data-e-type=\"widget\" data-widget_type=\"image.default\">\n\t\t\t\t<div class=\"elementor-widget-container\">\n\t\t\t\t\t\t\t\t\t\t\t\t\t\t\t<img fetchpriority=\"high\" decoding=\"async\" width=\"2560\" height=\"1707\" src=\"https:\/\/blickpunkt-lokalsport.de\/wp-content\/uploads\/2025\/10\/20250908_Auslosung_HSM25_016-scaled.jpg\" class=\"attachment-full size-full wp-image-46875\" alt=\"\" srcset=\"https:\/\/blickpunkt-lokalsport.de\/wp-content\/uploads\/2025\/10\/20250908_Auslosung_HSM25_016-scaled.jpg 2560w, https:\/\/blickpunkt-lokalsport.de\/wp-content\/uploads\/2025\/10\/20250908_Auslosung_HSM25_016-300x200.jpg 300w, https:\/\/blickpunkt-lokalsport.de\/wp-content\/uploads\/2025\/10\/20250908_Auslosung_HSM25_016-1024x683.jpg 1024w, https:\/\/blickpunkt-lokalsport.de\/wp-content\/uploads\/2025\/10\/20250908_Auslosung_HSM25_016-768x512.jpg 768w, https:\/\/blickpunkt-lokalsport.de\/wp-content\/uploads\/2025\/10\/20250908_Auslosung_HSM25_016-1536x1024.jpg 1536w, https:\/\/blickpunkt-lokalsport.de\/wp-content\/uploads\/2025\/10\/20250908_Auslosung_HSM25_016-2048x1365.jpg 2048w\" sizes=\"(max-width: 2560px) 100vw, 2560px\" \/>\t\t\t\t\t\t\t\t\t\t\t\t\t\t\t<\/div>\n\t\t\t\t<\/div>\n\t\t\t\t<\/div>\n\t\t<div class=\"elementor-element elementor-element-301c4da e-con-full e-flex e-con e-parent\" data-id=\"301c4da\" data-element_type=\"container\" data-e-type=\"container\" data-settings=\"{&quot;background_background&quot;:&quot;classic&quot;}\">\n\t\t\t\t<div class=\"elementor-element elementor-element-0729b27 elementor-widget elementor-widget-spacer\" data-id=\"0729b27\" data-element_type=\"widget\" data-e-type=\"widget\" data-widget_type=\"spacer.default\">\n\t\t\t\t<div class=\"elementor-widget-container\">\n\t\t\t\t\t\t\t<div class=\"elementor-spacer\">\n\t\t\t<div class=\"elementor-spacer-inner\"><\/div>\n\t\t<\/div>\n\t\t\t\t\t\t<\/div>\n\t\t\t\t<\/div>\n\t\t\t\t<\/div>\n\t\t<div class=\"elementor-element elementor-element-2b33a6a e-con-full e-flex e-con e-parent\" data-id=\"2b33a6a\" data-element_type=\"container\" data-e-type=\"container\" data-settings=\"{&quot;background_background&quot;:&quot;classic&quot;}\">\n\t\t<div class=\"elementor-element elementor-element-86e99f7 e-con-full e-flex e-con e-child\" data-id=\"86e99f7\" data-element_type=\"container\" data-e-type=\"container\">\n\t\t\t\t<div class=\"elementor-element elementor-element-76afaa2 elementor-widget elementor-widget-text-editor\" data-id=\"76afaa2\" data-element_type=\"widget\" data-e-type=\"widget\" data-widget_type=\"text-editor.default\">\n\t\t\t\t<div class=\"elementor-widget-container\">\n\t\t\t\t\t\t\t\t\t<div class=\"prose text-pretty dark:prose-invert inline leading-relaxed break-words min-w-0 [word-break:break-word] prose-strong:font-medium\"><hr class=\"bg-subtle h-px border-0\" \/><h2 class=\"mb-2 mt-4 font-display font-semimedium text-base first:mt-0\">Eine starke Partnerschaft f\u00fcr den Lokalsport<\/h2><p class=\"my-2 [&amp;+p]:mt-4 [&amp;_strong:has(+br)]:inline-block [&amp;_strong:has(+br)]:pb-2\">Die Zusammenarbeit zwischen <strong>Blickpunkt Lokalsport<\/strong> und dem <strong>FLVW-Kreis Bielefeld<\/strong> ist in dieser Form einzigartig im Gebiet des Fu\u00dfball- und Leichtathletik-Verbandes Westfalen. Gemeinsam setzen wir ein Zeichen f\u00fcr gelebtes Ehrenamt, regionale Verbundenheit und professionelle \u00d6ffentlichkeitsarbeit im Amateur- und Jugendfu\u00dfball.<\/p><p>\u00a0<\/p><p class=\"my-2 [&amp;+p]:mt-4 [&amp;_strong:has(+br)]:inline-block [&amp;_strong:has(+br)]:pb-2\">Als offizieller Partner des FLVW-Kreis Bielefeld begleiten wir die Vereine an den Wochenenden <strong>ehrenamtlich<\/strong> \u2013 im Auftrag des Kreises und im Herzen des lokalen Sports. Unser Ziel ist es, den Einsatz und die Leidenschaft auf den Sportpl\u00e4tzen sichtbar zu machen: authentisch, hochwertig und mit einem Blick f\u00fcrs Detail.<\/p><p>\u00a0<\/p><p class=\"my-2 [&amp;+p]:mt-4 [&amp;_strong:has(+br)]:inline-block [&amp;_strong:has(+br)]:pb-2\">Diese Kooperation bringt Vorteile f\u00fcr alle Beteiligten:<\/p><p>\u00a0<\/p><ul class=\"marker:text-quiet list-disc\"><li class=\"py-0 my-0 prose-p:pt-0 prose-p:mb-2 prose-p:my-0 [&amp;&gt;p]:pt-0 [&amp;&gt;p]:mb-2 [&amp;&gt;p]:my-0\"><p class=\"my-2 [&amp;+p]:mt-4 [&amp;_strong:has(+br)]:inline-block [&amp;_strong:has(+br)]:pb-2\"><strong>Der FLVW-Kreis Bielefeld<\/strong> st\u00e4rkt seine \u00d6ffentlichkeitsarbeit mit professionellen Bildinhalten und einer einheitlichen medialen Pr\u00e4senz.<\/p><\/li><li class=\"py-0 my-0 prose-p:pt-0 prose-p:mb-2 prose-p:my-0 [&amp;&gt;p]:pt-0 [&amp;&gt;p]:mb-2 [&amp;&gt;p]:my-0\"><p class=\"my-2 [&amp;+p]:mt-4 [&amp;_strong:has(+br)]:inline-block [&amp;_strong:has(+br)]:pb-2\"><strong>Die Vereine<\/strong> profitieren von einer verl\u00e4sslichen fotografischen Begleitung ihrer Spiele und der M\u00f6glichkeit, ihre Nachwuchsarbeit und Vereinsarbeit in einem positiven Licht zu pr\u00e4sentieren.<\/p><\/li><li class=\"py-0 my-0 prose-p:pt-0 prose-p:mb-2 prose-p:my-0 [&amp;&gt;p]:pt-0 [&amp;&gt;p]:mb-2 [&amp;&gt;p]:my-0\"><p class=\"my-2 [&amp;+p]:mt-4 [&amp;_strong:has(+br)]:inline-block [&amp;_strong:has(+br)]:pb-2\"><strong>Blickpunkt Lokalsport<\/strong> schafft damit eine Plattform, die den Fu\u00dfball in unserer Region w\u00fcrdigt und die Geschichten hinter den Spielen festh\u00e4lt.<\/p><\/li><\/ul><p class=\"my-2 [&amp;+p]:mt-4 [&amp;_strong:has(+br)]:inline-block [&amp;_strong:has(+br)]:pb-2\">Ob Jugendturnier, Kreisliga-Derby oder Hallenmeisterschaft \u2013 wir sind regelm\u00e4\u00dfig auf den Pl\u00e4tzen unterwegs, um den Momenten des lokalen Sports ein Gesicht zu geben. Diese Partnerschaft steht f\u00fcr Engagement, Leidenschaft und die gemeinsame F\u00f6rderung des Amateurfu\u00dfballs \u2013 heute und in Zukunft.<\/p><\/div>\t\t\t\t\t\t\t\t<\/div>\n\t\t\t\t<\/div>\n\t\t\t\t<\/div>\n\t\t<div class=\"elementor-element elementor-element-4b2d75c e-con-full e-flex e-con e-child\" data-id=\"4b2d75c\" data-element_type=\"container\" data-e-type=\"container\">\n\t\t\t\t<div class=\"elementor-element elementor-element-6112d62 elementor-widget elementor-widget-image\" data-id=\"6112d62\" data-element_type=\"widget\" data-e-type=\"widget\" data-widget_type=\"image.default\">\n\t\t\t\t<div class=\"elementor-widget-container\">\n\t\t\t\t\t\t\t\t\t\t\t\t\t\t\t<img decoding=\"async\" src=\"http:\/\/blickpunkt-lokalsport.de\/wp-content\/uploads\/2022\/12\/KB.png\" title=\"\" alt=\"\" loading=\"lazy\" \/>\t\t\t\t\t\t\t\t\t\t\t\t\t\t\t<\/div>\n\t\t\t\t<\/div>\n\t\t\t\t<\/div>\n\t\t\t\t<\/div>\n\t\t\t\t<\/div>\n\t\t","protected":false},"excerpt":{"rendered":"<p>F\u00fcr den Kreis und weiter Kooperation FLVW Kooperation FLVW Eine starke Partnerschaft f\u00fcr den Lokalsport Die Zusammenarbeit zwischen Blickpunkt Lokalsport und dem FLVW-Kreis Bielefeld ist in dieser Form einzigartig im Gebiet des Fu\u00dfball- und Leichtathletik-Verbandes Westfalen. Gemeinsam setzen wir ein Zeichen f\u00fcr gelebtes Ehrenamt, regionale Verbundenheit und professionelle \u00d6ffentlichkeitsarbeit im Amateur- und Jugendfu\u00dfball. \u00a0 Als &#8230; <a title=\"FLVW\" class=\"read-more\" href=\"https:\/\/blickpunkt-lokalsport.de\/english\/wir-beim-flvw\/\" aria-label=\"Read more about Wir beim FLVW\">Read more<\/a><\/p>","protected":false},"author":1,"featured_media":0,"parent":0,"menu_order":0,"comment_status":"closed","ping_status":"closed","template":"","meta":{"_acf_changed":false,"footnotes":""},"class_list":["post-46871","page","type-page","status-publish"],"acf":[],"_links":{"self":[{"href":"https:\/\/blickpunkt-lokalsport.de\/english\/wp-json\/wp\/v2\/pages\/46871","targetHints":{"allow":["GET"]}}],"collection":[{"href":"https:\/\/blickpunkt-lokalsport.de\/english\/wp-json\/wp\/v2\/pages"}],"about":[{"href":"https:\/\/blickpunkt-lokalsport.de\/english\/wp-json\/wp\/v2\/types\/page"}],"author":[{"embeddable":true,"href":"https:\/\/blickpunkt-lokalsport.de\/english\/wp-json\/wp\/v2\/users\/1"}],"replies":[{"embeddable":true,"href":"https:\/\/blickpunkt-lokalsport.de\/english\/wp-json\/wp\/v2\/comments?post=46871"}],"version-history":[{"count":0,"href":"https:\/\/blickpunkt-lokalsport.de\/english\/wp-json\/wp\/v2\/pages\/46871\/revisions"}],"wp:attachment":[{"href":"https:\/\/blickpunkt-lokalsport.de\/english\/wp-json\/wp\/v2\/media?parent=46871"}],"curies":[{"name":"wp","href":"https:\/\/api.w.org\/{rel}","templated":true}]}}