{"id":49849,"date":"2026-02-11T22:18:39","date_gmt":"2026-02-11T21:18:39","guid":{"rendered":"https:\/\/blickpunkt-lokalsport.de\/?page_id=49849"},"modified":"2026-03-11T13:25:14","modified_gmt":"2026-03-11T12:25:14","slug":"unsere-kameraausruestung","status":"publish","type":"page","link":"https:\/\/blickpunkt-lokalsport.de\/english\/unsere-kameraausruestung\/","title":{"rendered":"our camera equipment"},"content":{"rendered":"<div data-elementor-type=\"wp-page\" data-elementor-id=\"49849\" class=\"elementor elementor-49849\" data-elementor-settings=\"{&quot;element_pack_global_tooltip_width&quot;:{&quot;unit&quot;:&quot;px&quot;,&quot;size&quot;:&quot;&quot;,&quot;sizes&quot;:[]},&quot;element_pack_global_tooltip_width_tablet&quot;:{&quot;unit&quot;:&quot;px&quot;,&quot;size&quot;:&quot;&quot;,&quot;sizes&quot;:[]},&quot;element_pack_global_tooltip_width_mobile&quot;:{&quot;unit&quot;:&quot;px&quot;,&quot;size&quot;:&quot;&quot;,&quot;sizes&quot;:[]},&quot;element_pack_global_tooltip_padding&quot;:{&quot;unit&quot;:&quot;px&quot;,&quot;top&quot;:&quot;&quot;,&quot;right&quot;:&quot;&quot;,&quot;bottom&quot;:&quot;&quot;,&quot;left&quot;:&quot;&quot;,&quot;isLinked&quot;:true},&quot;element_pack_global_tooltip_padding_tablet&quot;:{&quot;unit&quot;:&quot;px&quot;,&quot;top&quot;:&quot;&quot;,&quot;right&quot;:&quot;&quot;,&quot;bottom&quot;:&quot;&quot;,&quot;left&quot;:&quot;&quot;,&quot;isLinked&quot;:true},&quot;element_pack_global_tooltip_padding_mobile&quot;:{&quot;unit&quot;:&quot;px&quot;,&quot;top&quot;:&quot;&quot;,&quot;right&quot;:&quot;&quot;,&quot;bottom&quot;:&quot;&quot;,&quot;left&quot;:&quot;&quot;,&quot;isLinked&quot;:true},&quot;element_pack_global_tooltip_border_radius&quot;:{&quot;unit&quot;:&quot;px&quot;,&quot;top&quot;:&quot;&quot;,&quot;right&quot;:&quot;&quot;,&quot;bottom&quot;:&quot;&quot;,&quot;left&quot;:&quot;&quot;,&quot;isLinked&quot;:true},&quot;element_pack_global_tooltip_border_radius_tablet&quot;:{&quot;unit&quot;:&quot;px&quot;,&quot;top&quot;:&quot;&quot;,&quot;right&quot;:&quot;&quot;,&quot;bottom&quot;:&quot;&quot;,&quot;left&quot;:&quot;&quot;,&quot;isLinked&quot;:true},&quot;element_pack_global_tooltip_border_radius_mobile&quot;:{&quot;unit&quot;:&quot;px&quot;,&quot;top&quot;:&quot;&quot;,&quot;right&quot;:&quot;&quot;,&quot;bottom&quot;:&quot;&quot;,&quot;left&quot;:&quot;&quot;,&quot;isLinked&quot;:true}}\" data-elementor-post-type=\"page\">\n\t\t\t\t<div class=\"elementor-element elementor-element-56d698e2 e-con-full e-flex e-con e-parent\" data-id=\"56d698e2\" data-element_type=\"container\" data-e-type=\"container\" data-settings=\"{&quot;background_background&quot;:&quot;classic&quot;}\">\n\t\t\t\t<div class=\"elementor-element elementor-element-370320aa elementor-widget elementor-widget-bdt-advanced-heading\" data-id=\"370320aa\" data-element_type=\"widget\" data-e-type=\"widget\" data-widget_type=\"bdt-advanced-heading.default\">\n\t\t\t\t<div class=\"elementor-widget-container\">\n\t\t\t\t\t<div id=\"370320aa\" class=\"bdt-ep-advanced-heading\" data-settings=\"{&quot;titleMultiColor&quot;:&quot;no&quot;}\"><div class=\"bdt-ep-advanced-heading-content bdt-visible@m\"><div class=\"bdt-transform-origin-top-left\">equipment<\/div><\/div><div class=\"bdt-ep-advanced-heading-sub-title\"><div class=\"bdt-ep-advanced-heading-sub-title-content\">Our<\/div><\/div><h2 class=\"bdt-ep-advanced-heading-title\"><span class=\"bdt-ep-advanced-heading-main-title\"><span class=\"bdt-ep-advanced-heading-main-title-inner\">Equipment <\/span><\/span><\/h2><\/div>\t\t\t\t<\/div>\n\t\t\t\t<\/div>\n\t\t\t\t<div class=\"elementor-element elementor-element-1bb04ddf elementor-widget elementor-widget-spacer\" data-id=\"1bb04ddf\" data-element_type=\"widget\" data-e-type=\"widget\" data-widget_type=\"spacer.default\">\n\t\t\t\t<div class=\"elementor-widget-container\">\n\t\t\t\t\t\t\t<div class=\"elementor-spacer\">\n\t\t\t<div class=\"elementor-spacer-inner\"><\/div>\n\t\t<\/div>\n\t\t\t\t\t\t<\/div>\n\t\t\t\t<\/div>\n\t\t\t\t<\/div>\n\t\t<div class=\"elementor-element elementor-element-2cd55bd e-flex e-con-boxed e-con e-parent\" data-id=\"2cd55bd\" data-element_type=\"container\" data-e-type=\"container\">\n\t\t\t\t\t<div class=\"e-con-inner\">\n\t\t\t\t<div class=\"elementor-element elementor-element-15fd40a elementor-arrows-position-inside elementor-pagination-position-outside elementor-widget elementor-widget-image-carousel\" data-id=\"15fd40a\" data-element_type=\"widget\" data-e-type=\"widget\" data-settings=\"{&quot;slides_to_show&quot;:&quot;5&quot;,&quot;navigation&quot;:&quot;both&quot;,&quot;autoplay&quot;:&quot;yes&quot;,&quot;pause_on_hover&quot;:&quot;yes&quot;,&quot;pause_on_interaction&quot;:&quot;yes&quot;,&quot;autoplay_speed&quot;:5000,&quot;infinite&quot;:&quot;yes&quot;,&quot;speed&quot;:500}\" data-widget_type=\"image-carousel.default\">\n\t\t\t\t<div class=\"elementor-widget-container\">\n\t\t\t\t\t\t\t<div class=\"elementor-image-carousel-wrapper swiper\" role=\"region\" aria-roledescription=\"carousel\" aria-label=\"Bild Karussell\" dir=\"ltr\">\n\t\t\t<div class=\"elementor-image-carousel swiper-wrapper\" aria-live=\"off\">\n\t\t\t\t\t\t\t\t<div class=\"swiper-slide\" role=\"group\" aria-roledescription=\"slide\" aria-label=\"1 of 7\"><figure class=\"swiper-slide-inner\"><img decoding=\"async\" class=\"swiper-slide-image\" src=\"https:\/\/blickpunkt-lokalsport.de\/wp-content\/uploads\/2025\/07\/DSC07548-150x150.jpg\" alt=\"DSC07548\" \/><\/figure><\/div><div class=\"swiper-slide\" role=\"group\" aria-roledescription=\"slide\" aria-label=\"2 of 7\"><figure class=\"swiper-slide-inner\"><img decoding=\"async\" class=\"swiper-slide-image\" src=\"https:\/\/blickpunkt-lokalsport.de\/wp-content\/uploads\/2025\/05\/WhatsApp-Bild-2025-04-12-um-19.12.35_8386c6af-150x150.jpg\" alt=\"WhatsApp Bild 2025-04-12 um 19.12.35_8386c6af\" \/><\/figure><\/div><div class=\"swiper-slide\" role=\"group\" aria-roledescription=\"slide\" aria-label=\"3 of 7\"><figure class=\"swiper-slide-inner\"><img decoding=\"async\" class=\"swiper-slide-image\" src=\"https:\/\/blickpunkt-lokalsport.de\/wp-content\/uploads\/2025\/05\/20250419_150820-1-150x150.jpg\" alt=\"20250419_150820\" \/><\/figure><\/div><div class=\"swiper-slide\" role=\"group\" aria-roledescription=\"slide\" aria-label=\"4 of 7\"><figure class=\"swiper-slide-inner\"><img decoding=\"async\" class=\"swiper-slide-image\" src=\"https:\/\/blickpunkt-lokalsport.de\/wp-content\/uploads\/2025\/05\/P1153837-150x150.jpg\" alt=\"P1153837\" \/><\/figure><\/div><div class=\"swiper-slide\" role=\"group\" aria-roledescription=\"slide\" aria-label=\"5 of 7\"><figure class=\"swiper-slide-inner\"><img decoding=\"async\" class=\"swiper-slide-image\" src=\"https:\/\/blickpunkt-lokalsport.de\/wp-content\/uploads\/2024\/09\/IMG_5119-150x150.jpg\" alt=\"IMG_5119\" \/><\/figure><\/div><div class=\"swiper-slide\" role=\"group\" aria-roledescription=\"slide\" aria-label=\"6 of 7\"><figure class=\"swiper-slide-inner\"><img decoding=\"async\" class=\"swiper-slide-image\" src=\"https:\/\/blickpunkt-lokalsport.de\/wp-content\/uploads\/2025\/07\/20250517_144754-150x150.jpg\" alt=\"20250517_144754\" \/><\/figure><\/div><div class=\"swiper-slide\" role=\"group\" aria-roledescription=\"slide\" aria-label=\"7 of 7\"><figure class=\"swiper-slide-inner\"><img decoding=\"async\" class=\"swiper-slide-image\" src=\"https:\/\/blickpunkt-lokalsport.de\/wp-content\/uploads\/2026\/01\/A4U9812-Focus-150x150.jpg\" alt=\"_A4U9812###-Focus\" \/><\/figure><\/div>\t\t\t<\/div>\n\t\t\t\t\t\t\t\t\t\t\t\t<div class=\"elementor-swiper-button elementor-swiper-button-prev\" role=\"button\" tabindex=\"0\">\n\t\t\t\t\t\t<i aria-hidden=\"true\" class=\"eicon-chevron-left\"><\/i>\t\t\t\t\t<\/div>\n\t\t\t\t\t<div class=\"elementor-swiper-button elementor-swiper-button-next\" role=\"button\" tabindex=\"0\">\n\t\t\t\t\t\t<i aria-hidden=\"true\" class=\"eicon-chevron-right\"><\/i>\t\t\t\t\t<\/div>\n\t\t\t\t\n\t\t\t\t\t\t\t\t\t<div class=\"swiper-pagination\"><\/div>\n\t\t\t\t\t\t\t\t\t<\/div>\n\t\t\t\t\t\t<\/div>\n\t\t\t\t<\/div>\n\t\t\t\t\t<\/div>\n\t\t\t\t<\/div>\n\t\t<div class=\"elementor-element elementor-element-2149c38 e-flex e-con-boxed e-con e-parent\" data-id=\"2149c38\" data-element_type=\"container\" data-e-type=\"container\">\n\t\t\t\t\t<div class=\"e-con-inner\">\n\t\t\t\t<div class=\"elementor-element elementor-element-b14fa52 elementor-widget elementor-widget-html\" data-id=\"b14fa52\" data-element_type=\"widget\" data-e-type=\"widget\" data-widget_type=\"html.default\">\n\t\t\t\t<div class=\"elementor-widget-container\">\n\t\t\t\t\t<style>\r\n  .equipment-info {\r\n    max-width: 1100px;\r\n    margin: 3rem auto 0;\r\n    padding: 0 1rem;\r\n  }\r\n\r\n  .equipment-info .fg-intro h2 {\r\n    margin: 0 0 0.75rem 0;\r\n    font-size: 1.6rem;\r\n    font-weight: 600;\r\n  }\r\n\r\n  .equipment-info .fg-intro p {\r\n    margin: 0;\r\n    line-height: 1.6;\r\n  }\r\n\r\n  .equipment-info .fg-columns {\r\n    display: flex;\r\n    flex-wrap: wrap;\r\n    gap: 2rem;\r\n    margin-top: 2rem;\r\n  }\r\n\r\n  .equipment-info .fg-col {\r\n    flex: 1 1 320px;\r\n    min-width: 0;\r\n  }\r\n\r\n  .equipment-info .fg-block {\r\n    margin-bottom: 1.5rem;\r\n    padding-top: 0.75rem;\r\n    border-top: 1px solid #e0e0e0;\r\n  }\r\n\r\n  .equipment-info .fg-block h3 {\r\n    margin: 0 0 0.4rem 0;\r\n    font-size: 1rem;\r\n    font-weight: 600;\r\n    text-transform: none;\r\n    letter-spacing: 0;\r\n  }\r\n\r\n  .equipment-info .fg-block p {\r\n    margin: 0;\r\n    line-height: 1.6;\r\n    font-size: 0.95rem;\r\n  }\r\n\r\n  @media (max-width: 768px) {\r\n    .equipment-info .fg-columns {\r\n      flex-direction: column;\r\n    }\r\n  }\r\n<\/style>\r\n\r\n<section class=\"equipment-info\">\r\n  <header class=\"fg-intro\">\r\n    <h2>Our cameras and lenses in action<\/h2>\r\n    <p>\r\n      Here you will find an overview of the most important cameras and lenses we use at Blickpunkt Lokalsport.\nThis way, you will know right away during your internship which equipment is intended for what purpose.\r\n    <\/p>\r\n  <\/header>\r\n\r\n  <div class=\"fg-columns\">\r\n    <!-- Linke Spalte -->\r\n    <div class=\"fg-col fg-col--left\">\r\n      <!-- Canon 200mm f\/1.8 -->\r\n      <section class=\"fg-block\">\r\n        <h3>Canon 200mm f\/1.8<\/h3>\r\n        <p>\r\n          The Canon 200mm f\/1.8 is a very special telephoto lens with an extremely large aperture.\nIt is ideal for sports, portraits, and low-light situations\u2014with a very soft background.\r\n        <\/p>\r\n        <p>\r\n          Focal length: 200mm (full frame), maximum aperture: f\/1.8, weight: approx. 3 kg, minimum focus distance: approx. 2.5 m.\r\n        <\/p>\r\n        <p>\r\n          The lens is heavy and challenging to handle, but the image quality is exceptional.\nAnyone who has photographed with it will immediately recognize the look.\r\n        <\/p>\r\n      <\/section>\r\n\r\n      <!-- Canon 300mm f\/2.8 -->\r\n      <section class=\"fg-block\">\r\n        <h3>Canon 300mm f\/2.8<\/h3>\r\n        <p>\r\n          The Canon 300mm f\/2.8 is one of the classics in sports photography\u2014for me too.\nIt delivers very sharp images, fast autofocus, and works reliably in almost any weather.\r\n        <\/p>\r\n        <p>\r\n          Focal length: 300mm (full frame), aperture: f\/2.8, weight: approx. 2.4\u20132.9 kg, minimum focus distance: approx. 2.0\u20132.5 m.\r\n        <\/p>\r\n        <p>\r\n          For me, it's the \u201cworkhorse\u201d on the sideline: perfect for tackles, penalty area scenes, and action across the entire pitch.\r\n        <\/p>\r\n      <\/section>\r\n\r\n      <!-- Canon 24\u201370mm f\/2.8 -->\r\n      <section class=\"fg-block\">\r\n        <h3>Canon 24\u201370mm f\/2.8<\/h3>\r\n        <p>\r\n          The Canon 24\u201370mm f\/2.8 is our essential all-round lens when proximity to the action and flexibility are required.\nIt is primarily used for everything related to the game.\r\n        <\/p>\r\n        <p>\r\n          Typical motifs: team photos, cheering directly in front of the camera, the coach's bench, fans, children running onto the field, and detailed shots.\r\n        <\/p>\r\n        <p>\r\n          Combined with a longer telephoto lens, the 24\u201370mm is our go-to lens for sideline shots.\r\n        <\/p>\r\n      <\/section>\r\n    <\/div>\r\n\r\n    <!-- Rechte Spalte -->\r\n    <div class=\"fg-col fg-col--right\">\r\n      <!-- Canon 70\u2013200mm f\/2.8 -->\r\n      <section class=\"fg-block\">\r\n        <h3>Canon 70\u2013200mm f\/2.8<\/h3>\r\n        <p>\r\n          The 70\u2013200mm f\/2.8 is our main telephoto zoom lens for capturing the action as it happens.\n          The focal length range is perfect for soccer fields in East Westphalia-Lippe.\r\n        <\/p>\r\n        <p>\r\n          You can use it to flexibly capture tackles, goal actions, and scenes at the center line.\n          The f\/2.8 aperture helps with floodlights to separate players cleanly from the background.\r\n        <\/p>\r\n        <p>\r\n          We often use the 70\u2013200mm for the game and a 24\u201370mm for scenes directly on the sideline parallel to it.\r\n        <\/p>\r\n      <\/section>\r\n\r\n      <!-- Canon 1D X Mark II -->\r\n      <section class=\"fg-block\">\r\n        <h3>Canon 1D X Mark II<\/h3>\r\n        <p>\r\n          The Canon 1D X Mark II is a professional full-frame camera designed specifically for sports and action photography.\nIt is very fast, robust, and intended for intensive use.\r\n        <\/p>\r\n        <p>\r\n          20.2 megapixels, fast continuous shooting (up to 14 frames per second), multiple autofocus points, and a weatherproof body ensure\n          that you can work reliably even during fast-paced scenes.\r\n        <\/p>\r\n        <p>\r\n          For you, this means fast response times, lots of pictures in quick succession, and a camera that can keep up even in the rain and under floodlights.\r\n        <\/p>\r\n      <\/section>\r\n\r\n      <!-- Canon 1D X -->\r\n      <section class=\"fg-block\">\r\n        <h3>Canon 1D X<\/h3>\r\n        <p>\r\n          The Canon 1D X is the predecessor to the 1D X Mark II and is also a professional full-frame camera.\nIt is a true classic in sports photography and is used by many as a reliable \u201cworkhorse.\u201d\r\n        <\/p>\r\n        <p>\r\n          18.1 megapixels, up to 12 frames per second, and a robust, weatherproof housing make it ideal for use on the sidelines.\r\n        <\/p>\r\n        <p>\r\n          With it, you can also capture fast movements reliably and take long reports outdoors.\r\n        <\/p>\r\n      <\/section>\r\n    <\/div>\r\n  <\/div>\r\n<\/section>\r\n\t\t\t\t<\/div>\n\t\t\t\t<\/div>\n\t\t\t\t\t<\/div>\n\t\t\t\t<\/div>\n\t\t\t\t<\/div>","protected":false},"excerpt":{"rendered":"<p>Ausr\u00fcstung Unser Equipment Unsere Kameras &amp; Objektive im Einsatz Hier findest du eine \u00dcbersicht \u00fcber die wichtigsten Kameras und Objektive, mit denen wir bei Blickpunkt Lokalsport arbeiten. So wei\u00dft du im Praktikum direkt, welches Equipment wof\u00fcr gedacht ist. Canon 200mm f\/1.8 Das Canon 200mm f\/1.8 ist ein sehr besonderes Teleobjektiv mit extrem gro\u00dfer Blenden\u00f6ffnung. Es &#8230; <a title=\"our camera equipment\" class=\"read-more\" href=\"https:\/\/blickpunkt-lokalsport.de\/english\/unsere-kameraausruestung\/\" aria-label=\"Read more about Unsere Kameraausr\u00fcstung\">Read more<\/a><\/p>","protected":false},"author":1,"featured_media":0,"parent":0,"menu_order":0,"comment_status":"closed","ping_status":"closed","template":"","meta":{"_acf_changed":false,"footnotes":""},"class_list":["post-49849","page","type-page","status-publish"],"acf":[],"_links":{"self":[{"href":"https:\/\/blickpunkt-lokalsport.de\/english\/wp-json\/wp\/v2\/pages\/49849","targetHints":{"allow":["GET"]}}],"collection":[{"href":"https:\/\/blickpunkt-lokalsport.de\/english\/wp-json\/wp\/v2\/pages"}],"about":[{"href":"https:\/\/blickpunkt-lokalsport.de\/english\/wp-json\/wp\/v2\/types\/page"}],"author":[{"embeddable":true,"href":"https:\/\/blickpunkt-lokalsport.de\/english\/wp-json\/wp\/v2\/users\/1"}],"replies":[{"embeddable":true,"href":"https:\/\/blickpunkt-lokalsport.de\/english\/wp-json\/wp\/v2\/comments?post=49849"}],"version-history":[{"count":4,"href":"https:\/\/blickpunkt-lokalsport.de\/english\/wp-json\/wp\/v2\/pages\/49849\/revisions"}],"predecessor-version":[{"id":51039,"href":"https:\/\/blickpunkt-lokalsport.de\/english\/wp-json\/wp\/v2\/pages\/49849\/revisions\/51039"}],"wp:attachment":[{"href":"https:\/\/blickpunkt-lokalsport.de\/english\/wp-json\/wp\/v2\/media?parent=49849"}],"curies":[{"name":"wp","href":"https:\/\/api.w.org\/{rel}","templated":true}]}}